{"id":1254,"date":"2024-02-23T17:48:08","date_gmt":"2024-02-23T10:48:08","guid":{"rendered":"https:\/\/lbdivingkohlipe.com\/?page_id=1254"},"modified":"2025-07-04T17:00:56","modified_gmt":"2025-07-04T10:00:56","slug":"privacy-policy","status":"publish","type":"page","link":"https:\/\/lbdivingkohlipe.com\/es\/privacy-policy\/","title":{"rendered":"Pol\u00edtica de privacidad"},"content":{"rendered":"<div data-elementor-type=\"wp-page\" data-elementor-id=\"1254\" class=\"elementor elementor-1254\" data-elementor-post-type=\"page\">\n\t\t\t\t\t\t<section class=\"elementor-section elementor-top-section elementor-element elementor-element-bf2bacb elementor-section-boxed elementor-section-height-default elementor-section-height-default\" data-id=\"bf2bacb\" data-element_type=\"section\" data-e-type=\"section\">\n\t\t\t\t\t\t<div class=\"elementor-container elementor-column-gap-default\">\n\t\t\t\t\t<div class=\"elementor-column elementor-col-100 elementor-top-column elementor-element elementor-element-3f242ea\" data-id=\"3f242ea\" data-element_type=\"column\" data-e-type=\"column\">\n\t\t\t<div class=\"elementor-widget-wrap elementor-element-populated\">\n\t\t\t\t\t\t<div class=\"elementor-element elementor-element-867d2ca elementor-widget elementor-widget-text-editor\" data-id=\"867d2ca\" data-element_type=\"widget\" data-e-type=\"widget\" data-widget_type=\"text-editor.default\">\n\t\t\t\t<div class=\"elementor-widget-container\">\n\t\t\t\t\t\t\t\t\t<h2><strong>Pol\u00edtica de privacidad<\/strong><\/h2><p>Los datos personales que nos conf\u00edes son muy importantes para nosotros. Por esta raz\u00f3n, nos gustar\u00eda informarte sobre c\u00f3mo procesamos tus datos personales.<\/p>\t\t\t\t\t\t\t\t<\/div>\n\t\t\t\t<\/div>\n\t\t\t\t<div class=\"elementor-element elementor-element-b0a7808 elementor-widget elementor-widget-text-editor\" data-id=\"b0a7808\" data-element_type=\"widget\" data-e-type=\"widget\" data-widget_type=\"text-editor.default\">\n\t\t\t\t<div class=\"elementor-widget-container\">\n\t\t\t\t\t\t\t\t\t<h2 class=\"wp-block-heading\"><strong>\u00bfQui\u00e9n es responsable del tratamiento de tus datos?<\/strong><\/h2><p><strong>LA BOMBONA CO., LTD<\/strong><\/p><p>LICENCIA TAT: 44\/00175<\/p><p>No. 11, Koh Sarai Subdistrict, Mueang District, Satun Province, 91000<\/p><p><strong>CONTACTO:<\/strong><\/p><p>Tel\u00e9fono: <span aria-label=\"Llamar al n\u00famero de tel\u00e9fono +66 62 586 9205\">+66 98 223 1648<\/span><\/p><p>Mail: info@lbdivingkohlipe.com<\/p>\t\t\t\t\t\t\t\t<\/div>\n\t\t\t\t<\/div>\n\t\t\t\t<div class=\"elementor-element elementor-element-d3cfc74 elementor-widget elementor-widget-text-editor\" data-id=\"d3cfc74\" data-element_type=\"widget\" data-e-type=\"widget\" data-widget_type=\"text-editor.default\">\n\t\t\t\t<div class=\"elementor-widget-container\">\n\t\t\t\t\t\t\t\t\t<h2><strong>\u00bfPara qu\u00e9 fines procesamos tus datos?<\/strong><\/h2><p><br \/>- Atender solicitudes o cualquier tipo de petici\u00f3n o consulta que el usuario requiera a trav\u00e9s de cualquiera de los formularios de contacto puestos a su disposici\u00f3n. Enviarle la informaci\u00f3n o documentaci\u00f3n solicitada. En cualquier caso, los fines ser\u00e1n aquellos relacionados con el medio de comunicaci\u00f3n utilizado y la solicitud realizada.<\/p><p>- Para el cumplimiento efectivo y la facturaci\u00f3n de los servicios contratados.<\/p><p>- Enviar informaci\u00f3n comercial sobre servicios de inter\u00e9s para usted y relacionados con nuestra actividad, siempre que el usuario consienta y hasta que el usuario revoque el consentimiento otorgado.<\/p><p>- Cumplir con las obligaciones legales que nos afectan.<\/p><p>- Gestionar, en su caso, la suscripci\u00f3n a boletines, blogs, etc.<\/p><p>- En el caso de los CV recibidos para proceder con la selecci\u00f3n de candidatos para ocupar puestos de trabajo. La consecuencia de obtener los datos personales comunicados ser\u00e1 la participaci\u00f3n en los procesos de selecci\u00f3n para ocupar dichos puestos.<\/p>\t\t\t\t\t\t\t\t<\/div>\n\t\t\t\t<\/div>\n\t\t\t\t<div class=\"elementor-element elementor-element-76354fc elementor-widget elementor-widget-text-editor\" data-id=\"76354fc\" data-element_type=\"widget\" data-e-type=\"widget\" data-widget_type=\"text-editor.default\">\n\t\t\t\t<div class=\"elementor-widget-container\">\n\t\t\t\t\t\t\t\t\t<h2><strong>\u00bfQu\u00e9 plazos o criterios seguimos para la retenci\u00f3n de datos?<\/strong><\/h2><p><br \/>Los datos proporcionados se conservar\u00e1n durante el tiempo necesario para cumplir con los fines para los que fueron recopilados o hasta que la persona interesada solicite su eliminaci\u00f3n, y durante el tiempo necesario para cumplir con las obligaciones legales y mantener la relaci\u00f3n firmada.<\/p><p>En el caso de los curr\u00edculums recibidos, estos se guardar\u00e1n para futuros procesos de selecci\u00f3n para puestos que se ajusten al perfil profesional del candidato, a menos que expresen su deseo de que sus datos no se conserven para este \u00faltimo fin, en cuyo caso ser\u00e1n eliminados conforme a su solicitud.<\/p>\t\t\t\t\t\t\t\t<\/div>\n\t\t\t\t<\/div>\n\t\t\t\t<div class=\"elementor-element elementor-element-e448a2f elementor-widget elementor-widget-text-editor\" data-id=\"e448a2f\" data-element_type=\"widget\" data-e-type=\"widget\" data-widget_type=\"text-editor.default\">\n\t\t\t\t<div class=\"elementor-widget-container\">\n\t\t\t\t\t\t\t\t\t<h2><strong>\u00bfCu\u00e1l es la legitimidad del tratamiento de sus datos?<\/strong><\/h2><p><br \/>Utilizamos sus datos de acuerdo con la normativa espa\u00f1ola y europea de protecci\u00f3n de datos y de acuerdo con las siguientes bases legales:<\/p><ul><li>Ha expresado su consentimiento para el tratamiento de sus datos personales. Este consentimiento puede ser retirado en cualquier momento.<\/li><li>El tratamiento de sus datos es necesario para cumplir con una obligaci\u00f3n legal.<\/li><li>El tratamiento de sus datos es necesario para la prestaci\u00f3n de un servicio contratado.<\/li><li>El tratamiento de sus datos se basa en un inter\u00e9s leg\u00edtimo, siempre y cuando los derechos o libertades del titular de los datos no prevalezcan.<\/li><\/ul><h2><br \/><strong>\u00bfEs obligatorio proporcionarnos sus datos personales?<\/strong><\/h2><p><br \/>Le informamos sobre la naturaleza voluntaria de la recopilaci\u00f3n de sus datos y que su no respuesta no conlleva consecuencias negativas, salvo para los datos considerados esenciales (por ejemplo, aquellos marcados con un asterisco en los formularios de registro, cliente, contacto o suscripci\u00f3n a boletines informativos), sin los cuales no podremos proporcionarle el servicio o la informaci\u00f3n solicitada. Mientras no indique lo contrario, entendemos que otorga su consentimiento para su tratamiento y que los mismos est\u00e1n actualizados.<\/p><p>Para poder ofrecer el mejor servicio, esta empresa necesita que los datos proporcionados sean precisos y est\u00e9n actualizados. En el caso de los menores de edad, ser\u00e1 necesaria la autorizaci\u00f3n previa de los padres o representantes legales para procesar los datos personales.<\/p>\t\t\t\t\t\t\t\t<\/div>\n\t\t\t\t<\/div>\n\t\t\t\t<div class=\"elementor-element elementor-element-e9de196 elementor-widget elementor-widget-text-editor\" data-id=\"e9de196\" data-element_type=\"widget\" data-e-type=\"widget\" data-widget_type=\"text-editor.default\">\n\t\t\t\t<div class=\"elementor-widget-container\">\n\t\t\t\t\t\t\t\t\t<h2><strong>\u00bfA qui\u00e9n comunicamos sus datos?<\/strong><\/h2><p><br \/>No se prev\u00e9n comunicaciones, salvo que sean legalmente requeridas o necesarias para la prestaci\u00f3n del servicio y\/o productos solicitados.<\/p><h2><strong>\u00bfQu\u00e9 seguridad utilizamos en el tratamiento de sus datos?<\/strong><\/h2><p><br \/>Los datos personales que nos proporciona, de los cuales es titular, persona autorizada o representante legal, se incorporan a nuestras bases de datos de gesti\u00f3n. En el momento de registrar estos datos, nos hacemos responsables de ellos y, en consecuencia, aplicamos todos los medios a nuestro alcance para tratarlos con la m\u00e1xima confidencialidad, de manera l\u00edcita, leal, transparente, adecuada y limitada. Establecemos las medidas necesarias para prevenir su p\u00e9rdida, uso indebido, alteraci\u00f3n o acceso no autorizado.<\/p>\t\t\t\t\t\t\t\t<\/div>\n\t\t\t\t<\/div>\n\t\t\t\t<div class=\"elementor-element elementor-element-ffa4ec0 elementor-widget elementor-widget-text-editor\" data-id=\"ffa4ec0\" data-element_type=\"widget\" data-e-type=\"widget\" data-widget_type=\"text-editor.default\">\n\t\t\t\t<div class=\"elementor-widget-container\">\n\t\t\t\t\t\t\t\t\t<h2><strong>\u00bfQu\u00e9 derechos tienen los titulares de los datos?<\/strong><\/h2><p><br \/>En cualquier momento, puedes solicitar de forma gratuita la confirmaci\u00f3n de si esta empresa est\u00e1 procesando datos personales que te conciernen o no.<\/p><p>Puedes acceder a tus datos personales, solicitar la rectificaci\u00f3n de datos inexactos o incompletos y solicitar su eliminaci\u00f3n cuando, entre otros motivos, ya no sean necesarios para los fines para los que fueron recogidos. Tambi\u00e9n puedes solicitar su portabilidad, as\u00ed como la limitaci\u00f3n de su tratamiento, en cuyo caso solo los conservaremos para el ejercicio o la defensa de reclamaciones.<\/p><p>En determinadas circunstancias y por motivos relacionados con su situaci\u00f3n particular, los interesados podr\u00e1n oponerse al tratamiento de sus datos. Esta empresa dejar\u00e1 de procesar los datos, salvo por razones leg\u00edtimas imperiosas o para el ejercicio de posibles reclamaciones. Tambi\u00e9n podr\u00e1 impugnar decisiones automatizadas individuales cuando corresponda.  \n\nPara ejercer sus derechos, puede enviar una carta a la direcci\u00f3n de contacto indicada en el sitio web, adjuntando una fotocopia de su DNI o documento de identificaci\u00f3n v\u00e1lido, junto con los detalles de la solicitud del derecho que desea ejercer.<\/p><p>Puede solicitar m\u00e1s informaci\u00f3n o presentar una reclamaci\u00f3n si considera que sus derechos no han sido debidamente atendidos ante la Agencia Espa\u00f1ola de Protecci\u00f3n de Datos (aepd.es). Tambi\u00e9n puede retirar su consentimiento en cualquier momento, sin que ello afecte la legalidad del tratamiento realizado antes de su retirada.<\/p>\t\t\t\t\t\t\t\t<\/div>\n\t\t\t\t<\/div>\n\t\t\t\t\t<\/div>\n\t\t<\/div>\n\t\t\t\t\t<\/div>\n\t\t<\/section>\n\t\t\t\t<\/div>","protected":false},"excerpt":{"rendered":"<p>Privacy Policy The personal data that you entrust to us is very important to us. For this reason we would like to inform you about how we process your personal data. Who is responsible for the treatment? LA BOMBONA CO., LTD LICENCE TAT: 44\/00175 No. 11, Koh Sarai Subdistrict, Mueang District, Satun Province, 91000 CONTACT: [&hellip;]<\/p>\n","protected":false},"author":244792683,"featured_media":0,"parent":0,"menu_order":0,"comment_status":"closed","ping_status":"closed","template":"","meta":{"footnotes":""},"class_list":["post-1254","page","type-page","status-publish","hentry"],"yoast_head":"<!-- This site is optimized with the Yoast SEO plugin v27.1.1 - https:\/\/yoast.com\/product\/yoast-seo-wordpress\/ -->\n<title>Privacy Policy - La Bombona Diving Koh lipe<\/title>\n<meta name=\"description\" content=\"Discover diving equipment Koh Lipe and enhance your underwater experience with expert dive training in Koh Lipe. Join our courses today.\" \/>\n<meta name=\"robots\" content=\"index, follow, max-snippet:-1, max-image-preview:large, max-video-preview:-1\" \/>\n<link rel=\"canonical\" href=\"https:\/\/lbdivingkohlipe.com\/es\/privacy-policy\/\" \/>\n<meta property=\"og:locale\" content=\"es_ES\" \/>\n<meta property=\"og:type\" content=\"article\" \/>\n<meta property=\"og:title\" content=\"Privacy Policy - La Bombona Diving Koh lipe\" \/>\n<meta property=\"og:description\" content=\"Discover diving equipment Koh Lipe and enhance your underwater experience with expert dive training in Koh Lipe. Join our courses today.\" \/>\n<meta property=\"og:url\" content=\"https:\/\/lbdivingkohlipe.com\/es\/privacy-policy\/\" \/>\n<meta property=\"og:site_name\" content=\"La Bombona Diving Koh lipe\" \/>\n<meta property=\"article:publisher\" content=\"https:\/\/www.facebook.com\/lbdivingkohlipe\/\" \/>\n<meta property=\"article:modified_time\" content=\"2025-07-04T10:00:56+00:00\" \/>\n<meta name=\"twitter:card\" content=\"summary_large_image\" \/>\n<meta name=\"twitter:label1\" content=\"Tiempo de lectura\" \/>\n\t<meta name=\"twitter:data1\" content=\"4 minutos\" \/>\n<script type=\"application\/ld+json\" class=\"yoast-schema-graph\">{\"@context\":\"https:\/\/schema.org\",\"@graph\":[{\"@type\":\"WebPage\",\"@id\":\"https:\/\/lbdivingkohlipe.com\/privacy-policy\/\",\"url\":\"https:\/\/lbdivingkohlipe.com\/privacy-policy\/\",\"name\":\"Privacy Policy - La Bombona Diving Koh lipe\",\"isPartOf\":{\"@id\":\"https:\/\/lbdivingkohLipe.com\/#website\"},\"datePublished\":\"2024-02-23T10:48:08+00:00\",\"dateModified\":\"2025-07-04T10:00:56+00:00\",\"description\":\"Discover diving equipment Koh Lipe and enhance your underwater experience with expert dive training in Koh Lipe. Join our courses today.\",\"breadcrumb\":{\"@id\":\"https:\/\/lbdivingkohlipe.com\/privacy-policy\/#breadcrumb\"},\"inLanguage\":\"es\",\"potentialAction\":[{\"@type\":\"ReadAction\",\"target\":[\"https:\/\/lbdivingkohlipe.com\/privacy-policy\/\"]}]},{\"@type\":\"BreadcrumbList\",\"@id\":\"https:\/\/lbdivingkohlipe.com\/privacy-policy\/#breadcrumb\",\"itemListElement\":[{\"@type\":\"ListItem\",\"position\":1,\"name\":\"Landing\",\"item\":\"https:\/\/lbdivingkohlipe.com\/\"},{\"@type\":\"ListItem\",\"position\":2,\"name\":\"Privacy Policy\"}]},{\"@type\":\"WebSite\",\"@id\":\"https:\/\/lbdivingkohLipe.com\/#website\",\"url\":\"https:\/\/lbdivingkohLipe.com\/\",\"name\":\"La Bombona Diving Koh lipe\",\"description\":\"Koh lipe&#039;s Premier Dive Centre\",\"publisher\":{\"@id\":\"https:\/\/lbdivingkohLipe.com\/#organization\"},\"alternateName\":\"La Bombona Diving Koh lipe\",\"potentialAction\":[{\"@type\":\"SearchAction\",\"target\":{\"@type\":\"EntryPoint\",\"urlTemplate\":\"https:\/\/lbdivingkohLipe.com\/?s={search_term_string}\"},\"query-input\":{\"@type\":\"PropertyValueSpecification\",\"valueRequired\":true,\"valueName\":\"search_term_string\"}}],\"inLanguage\":\"es\"},{\"@type\":\"Organization\",\"@id\":\"https:\/\/lbdivingkohLipe.com\/#organization\",\"name\":\"La Bombona Diving Koh Lipe\",\"alternateName\":\"La Bombona Diving Koh Lipe\",\"url\":\"https:\/\/lbdivingkohLipe.com\/\",\"logo\":{\"@type\":\"ImageObject\",\"inLanguage\":\"es\",\"@id\":\"https:\/\/lbdivingkohLipe.com\/#\/schema\/logo\/image\/\",\"url\":\"https:\/\/lbdivingkohlipe.com\/wp-content\/uploads\/2024\/04\/WhatsApp-Image-2024-04-16-at-20.34.05.jpeg\",\"contentUrl\":\"https:\/\/lbdivingkohlipe.com\/wp-content\/uploads\/2024\/04\/WhatsApp-Image-2024-04-16-at-20.34.05.jpeg\",\"width\":500,\"height\":500,\"caption\":\"La Bombona Diving Koh Lipe\"},\"image\":{\"@id\":\"https:\/\/lbdivingkohLipe.com\/#\/schema\/logo\/image\/\"},\"sameAs\":[\"https:\/\/www.facebook.com\/lbdivingkohlipe\/\",\"https:\/\/www.instagram.com\/lbdivingkohlipe\/\",\"https:\/\/www.youtube.com\/@kohlipediveschool\"]}]}<\/script>\n<!-- \/ Yoast SEO plugin. -->","yoast_head_json":{"title":"Privacy Policy - La Bombona Diving Koh lipe","description":"Discover diving equipment Koh Lipe and enhance your underwater experience with expert dive training in Koh Lipe. Join our courses today.","robots":{"index":"index","follow":"follow","max-snippet":"max-snippet:-1","max-image-preview":"max-image-preview:large","max-video-preview":"max-video-preview:-1"},"canonical":"https:\/\/lbdivingkohlipe.com\/es\/privacy-policy\/","og_locale":"es_ES","og_type":"article","og_title":"Privacy Policy - La Bombona Diving Koh lipe","og_description":"Discover diving equipment Koh Lipe and enhance your underwater experience with expert dive training in Koh Lipe. Join our courses today.","og_url":"https:\/\/lbdivingkohlipe.com\/es\/privacy-policy\/","og_site_name":"La Bombona Diving Koh lipe","article_publisher":"https:\/\/www.facebook.com\/lbdivingkohlipe\/","article_modified_time":"2025-07-04T10:00:56+00:00","twitter_card":"summary_large_image","twitter_misc":{"Tiempo de lectura":"4 minutos"},"schema":{"@context":"https:\/\/schema.org","@graph":[{"@type":"WebPage","@id":"https:\/\/lbdivingkohlipe.com\/privacy-policy\/","url":"https:\/\/lbdivingkohlipe.com\/privacy-policy\/","name":"Privacy Policy - La Bombona Diving Koh lipe","isPartOf":{"@id":"https:\/\/lbdivingkohLipe.com\/#website"},"datePublished":"2024-02-23T10:48:08+00:00","dateModified":"2025-07-04T10:00:56+00:00","description":"Discover diving equipment Koh Lipe and enhance your underwater experience with expert dive training in Koh Lipe. Join our courses today.","breadcrumb":{"@id":"https:\/\/lbdivingkohlipe.com\/privacy-policy\/#breadcrumb"},"inLanguage":"es","potentialAction":[{"@type":"ReadAction","target":["https:\/\/lbdivingkohlipe.com\/privacy-policy\/"]}]},{"@type":"BreadcrumbList","@id":"https:\/\/lbdivingkohlipe.com\/privacy-policy\/#breadcrumb","itemListElement":[{"@type":"ListItem","position":1,"name":"Landing","item":"https:\/\/lbdivingkohlipe.com\/"},{"@type":"ListItem","position":2,"name":"Privacy Policy"}]},{"@type":"WebSite","@id":"https:\/\/lbdivingkohLipe.com\/#website","url":"https:\/\/lbdivingkohLipe.com\/","name":"La Bombona Diving Koh lipe","description":"Koh lipe&#039;s Premier Dive Centre","publisher":{"@id":"https:\/\/lbdivingkohLipe.com\/#organization"},"alternateName":"La Bombona Diving Koh lipe","potentialAction":[{"@type":"SearchAction","target":{"@type":"EntryPoint","urlTemplate":"https:\/\/lbdivingkohLipe.com\/?s={search_term_string}"},"query-input":{"@type":"PropertyValueSpecification","valueRequired":true,"valueName":"search_term_string"}}],"inLanguage":"es"},{"@type":"Organization","@id":"https:\/\/lbdivingkohLipe.com\/#organization","name":"La Bombona Buceo Koh Lipe","alternateName":"La Bombona Diving Koh Lipe","url":"https:\/\/lbdivingkohLipe.com\/","logo":{"@type":"ImageObject","inLanguage":"es","@id":"https:\/\/lbdivingkohLipe.com\/#\/schema\/logo\/image\/","url":"https:\/\/lbdivingkohlipe.com\/wp-content\/uploads\/2024\/04\/WhatsApp-Image-2024-04-16-at-20.34.05.jpeg","contentUrl":"https:\/\/lbdivingkohlipe.com\/wp-content\/uploads\/2024\/04\/WhatsApp-Image-2024-04-16-at-20.34.05.jpeg","width":500,"height":500,"caption":"La Bombona Diving Koh Lipe"},"image":{"@id":"https:\/\/lbdivingkohLipe.com\/#\/schema\/logo\/image\/"},"sameAs":["https:\/\/www.facebook.com\/lbdivingkohlipe\/","https:\/\/www.instagram.com\/lbdivingkohlipe\/","https:\/\/www.youtube.com\/@kohlipediveschool"]}]}},"_links":{"self":[{"href":"https:\/\/lbdivingkohlipe.com\/es\/wp-json\/wp\/v2\/pages\/1254","targetHints":{"allow":["GET"]}}],"collection":[{"href":"https:\/\/lbdivingkohlipe.com\/es\/wp-json\/wp\/v2\/pages"}],"about":[{"href":"https:\/\/lbdivingkohlipe.com\/es\/wp-json\/wp\/v2\/types\/page"}],"author":[{"embeddable":true,"href":"https:\/\/lbdivingkohlipe.com\/es\/wp-json\/wp\/v2\/users\/244792683"}],"replies":[{"embeddable":true,"href":"https:\/\/lbdivingkohlipe.com\/es\/wp-json\/wp\/v2\/comments?post=1254"}],"version-history":[{"count":0,"href":"https:\/\/lbdivingkohlipe.com\/es\/wp-json\/wp\/v2\/pages\/1254\/revisions"}],"wp:attachment":[{"href":"https:\/\/lbdivingkohlipe.com\/es\/wp-json\/wp\/v2\/media?parent=1254"}],"curies":[{"name":"wp","href":"https:\/\/api.w.org\/{rel}","templated":true}]}}