{"id":1246,"date":"2024-02-23T17:29:36","date_gmt":"2024-02-23T10:29:36","guid":{"rendered":"https:\/\/lbdivingkohlipe.com\/?page_id=1246"},"modified":"2024-02-23T17:46:42","modified_gmt":"2024-02-23T10:46:42","slug":"cookies","status":"publish","type":"page","link":"https:\/\/lbdivingkohlipe.com\/es\/cookies\/","title":{"rendered":"Cookies"},"content":{"rendered":"<div data-elementor-type=\"wp-page\" data-elementor-id=\"1246\" class=\"elementor elementor-1246\" data-elementor-post-type=\"page\">\n\t\t\t\t\t\t<section class=\"elementor-section elementor-top-section elementor-element elementor-element-bf2bacb elementor-section-boxed elementor-section-height-default elementor-section-height-default\" data-id=\"bf2bacb\" data-element_type=\"section\" data-e-type=\"section\">\n\t\t\t\t\t\t<div class=\"elementor-container elementor-column-gap-default\">\n\t\t\t\t\t<div class=\"elementor-column elementor-col-100 elementor-top-column elementor-element elementor-element-3f242ea\" data-id=\"3f242ea\" data-element_type=\"column\" data-e-type=\"column\">\n\t\t\t<div class=\"elementor-widget-wrap elementor-element-populated\">\n\t\t\t\t\t\t<div class=\"elementor-element elementor-element-867d2ca elementor-widget elementor-widget-text-editor\" data-id=\"867d2ca\" data-element_type=\"widget\" data-e-type=\"widget\" data-widget_type=\"text-editor.default\">\n\t\t\t\t<div class=\"elementor-widget-container\">\n\t\t\t\t\t\t\t\t\t<h2><strong>Pol\u00edtica de cookies<\/strong><\/h2><p>De acuerdo con la Ley 34\/2002, de 11 de julio, de servicios de la sociedad de la informaci\u00f3n y de comercio electr\u00f3nico (LSSI), en relaci\u00f3n con el Reglamento (UE) 2016\/679 del Parlamento Europeo y del Consejo, de 27 de abril de 2016, sobre la protecci\u00f3n de datos personales (GDPR), y la Ley Org\u00e1nica 3\/2018, de 5 de diciembre, de protecci\u00f3n de datos personales y garant\u00eda de los derechos digitales (LOPDGDD), es obligatorio obtener el consentimiento expreso del usuario de todas las p\u00e1ginas web que utilicen cookies no esenciales, antes de que navegue por ellas.<\/p>\t\t\t\t\t\t\t\t<\/div>\n\t\t\t\t<\/div>\n\t\t\t\t<div class=\"elementor-element elementor-element-b0a7808 elementor-widget elementor-widget-text-editor\" data-id=\"b0a7808\" data-element_type=\"widget\" data-e-type=\"widget\" data-widget_type=\"text-editor.default\">\n\t\t\t\t<div class=\"elementor-widget-container\">\n\t\t\t\t\t\t\t\t\t<h2><strong>\u00bfQu\u00e9 son las cookies?<\/strong><\/h2><p>Las cookies y otras tecnolog\u00edas similares, como los objetos compartidos locales, las cookies de flash o los p\u00edxeles, son herramientas utilizadas por los servidores web para almacenar y recuperar informaci\u00f3n sobre sus visitantes, as\u00ed como para asegurar el correcto funcionamiento del sitio.<\/p><p>A trav\u00e9s del uso de estos dispositivos, se permite al servidor web recordar algunos datos relacionados con el usuario, como sus preferencias para visualizar las p\u00e1ginas de ese servidor, nombre y contrase\u00f1a, productos de su inter\u00e9s, entre otros.<\/p>\t\t\t\t\t\t\t\t<\/div>\n\t\t\t\t<\/div>\n\t\t\t\t<div class=\"elementor-element elementor-element-d3cfc74 elementor-widget elementor-widget-text-editor\" data-id=\"d3cfc74\" data-element_type=\"widget\" data-e-type=\"widget\" data-widget_type=\"text-editor.default\">\n\t\t\t\t<div class=\"elementor-widget-container\">\n\t\t\t\t\t\t\t\t\t<h2><strong>COOKIES AFECTADAS POR LA NORMATIVA Y COOKIES EXCEPTUADAS<\/strong><\/h2><p>Seg\u00fan la directiva de la UE, las cookies que requieren el consentimiento informado del usuario son las cookies anal\u00edticas y las cookies de publicidad y afiliaci\u00f3n, con la excepci\u00f3n de aquellas de naturaleza t\u00e9cnica y las necesarias para el funcionamiento del sitio web o la prestaci\u00f3n de servicios solicitados expresamente por el usuario.<\/p>\t\t\t\t\t\t\t\t<\/div>\n\t\t\t\t<\/div>\n\t\t\t\t<div class=\"elementor-element elementor-element-76354fc elementor-widget elementor-widget-text-editor\" data-id=\"76354fc\" data-element_type=\"widget\" data-e-type=\"widget\" data-widget_type=\"text-editor.default\">\n\t\t\t\t<div class=\"elementor-widget-container\">\n\t\t\t\t\t\t\t\t\t<h2><strong>TIPOS DE COOKIES <\/strong><strong>SEG\u00daN EL PROP\u00d3SITO<\/strong><\/h2><p><strong>Cookies t\u00e9cnicas y funcionales:<\/strong> estas son aquellas que permiten al usuario navegar por una p\u00e1gina web, plataforma o aplicaci\u00f3n y utilizar las diferentes opciones o servicios que en ella existen.<br \/><strong>Cookies anal\u00edticas:<\/strong> estas son aquellas que permiten al responsable de las mismas realizar el seguimiento y an\u00e1lisis del comportamiento de los usuarios de los sitios web a los que est\u00e1n vinculadas. La informaci\u00f3n recopilada a trav\u00e9s de este tipo de cookies se utiliza para medir la actividad de los sitios web, aplicaciones o plataformas y elaborar perfiles de navegaci\u00f3n de los usuarios de dichos sitios, aplicaciones y plataformas, con el fin de introducir mejoras basadas en el an\u00e1lisis de los datos de uso realizados por los usuarios del servicio.<br \/><strong>Cookies publicitarias:<\/strong> son aquellas que permiten gestionar, de la manera m\u00e1s eficiente posible, los espacios publicitarios que, en su caso, el editor ha incluido en una p\u00e1gina web, aplicaci\u00f3n o plataforma desde la cual se presta el servicio solicitado, bas\u00e1ndose en criterios como el contenido editado o la frecuencia con la que se muestran los anuncios.<br \/><strong>Cookies de publicidad comportamental:<\/strong> recogen informaci\u00f3n sobre las preferencias y elecciones personales del usuario (retargeting) para permitir la gesti\u00f3n, de la manera m\u00e1s eficiente posible, de los espacios publicitarios que, en su caso, el editor ha incluido en un sitio web, aplicaci\u00f3n o plataforma desde la que se proporciona el servicio solicitado.<br \/><strong>Cookies sociales:<\/strong> estas son establecidas por plataformas de redes sociales en los Servicios para permitirte compartir contenido con tus amigos y redes. Las plataformas de redes sociales tienen la capacidad de rastrear tu actividad en l\u00ednea fuera de los Servicios. Esto puede afectar el contenido y los mensajes que ves en otros servicios que visitas.<\/p><p><strong>Cookies de afiliaci\u00f3n:<\/strong> permiten rastrear las visitas desde otros sitios web con los que la p\u00e1gina tiene un contrato de afiliaci\u00f3n (empresas afiliadas).<br \/><strong>Cookies de seguridad:<\/strong> almacenan informaci\u00f3n encriptada para evitar que los datos guardados en ellas sean vulnerables a ataques maliciosos de terceros.<\/p><p><strong>SEG\u00daN LA PROPIEDAD<\/strong><br \/><strong>Cookies propias:<\/strong> son aquellas que se env\u00edan al equipo terminal del usuario desde un ordenador o dominio gestionado por el propio editor y desde el que se presta el servicio solicitado por el usuario.<br \/><strong>Cookies de terceros:<\/strong> son aquellas que se env\u00edan al equipo terminal del usuario desde una computadora o dominio que no es gestionado por el editor, sino por otra entidad que procesa los datos obtenidos a trav\u00e9s de las cookies.<\/p><p><strong>SEG\u00daN EL PER\u00cdODO DE CONSERVACI\u00d3N<\/strong><br \/><strong>Cookies de sesi\u00f3n:<\/strong> son un tipo de cookies dise\u00f1adas para recopilar y almacenar datos mientras el usuario accede a una p\u00e1gina web.<br \/><strong>Cookies persistentes:<\/strong> son un tipo de cookie en la que los datos contin\u00faan almacenados en el terminal y pueden ser accedidos y procesados durante un per\u00edodo definido por la persona responsable de la cookie, que puede variar desde unos pocos minutos hasta varios a\u00f1os.<\/p>\t\t\t\t\t\t\t\t<\/div>\n\t\t\t\t<\/div>\n\t\t\t\t<div class=\"elementor-element elementor-element-e448a2f elementor-widget elementor-widget-text-editor\" data-id=\"e448a2f\" data-element_type=\"widget\" data-e-type=\"widget\" data-widget_type=\"text-editor.default\">\n\t\t\t\t<div class=\"elementor-widget-container\">\n\t\t\t\t\t\t\t\t\t<h2><strong>TRATAMIENTO DE DATOS PERSONALES<\/strong><\/h2><p><strong>La Bombona Diving<\/strong> es el Responsable del tratamiento de los datos personales del interesado y le informa de que estos datos ser\u00e1n tratados de acuerdo con lo establecido en el Reglamento (UE) 2016\/679, de 27 de abril de 2016 (RGPD), por lo que se le proporciona la siguiente informaci\u00f3n sobre el tratamiento:<\/p><p><strong>Finalidades del tratamiento:<\/strong> como se especifica en la secci\u00f3n de cookies utilizadas en este sitio web.<\/p><p><strong>Legitimaci\u00f3n del tratamiento:<\/strong> excepto en los casos en que sea necesario para la navegaci\u00f3n en el sitio web, por consentimiento del interesado (art. 6.1 RGPD).<\/p><p><strong>Criterios de conservaci\u00f3n de los datos:<\/strong> como se especifica en la secci\u00f3n sobre las cookies utilizadas en el sitio web.<\/p><p><strong>Comunicaci\u00f3n de datos:<\/strong> los datos no se comunicar\u00e1n a terceros, excepto en el caso de las cookies de terceros o por obligaci\u00f3n legal.<\/p><p><strong>Derechos que asisten al Interesado:<\/strong><\/p><ul><li>Derecho a retirar el consentimiento en cualquier momento.<\/li><li>Derecho de acceso, rectificaci\u00f3n, portabilidad y supresi\u00f3n de tus datos, as\u00ed como de limitaci\u00f3n u oposici\u00f3n a su tratamiento.<\/li><li>Derecho a presentar una reclamaci\u00f3n ante la Autoridad de Control (aepd.es) si consideras que el tratamiento no cumple con la normativa vigente.<\/li><\/ul><p>Informaci\u00f3n de contacto para ejercer tus derechos:<\/p><p><strong>Sairee Beach 17\/18 Ko Lipe, Koh Lipe Surat Thani 84360, Tailandia<\/strong><\/p><p>email: info@lbdivingkohLipe.com<\/p>\t\t\t\t\t\t\t\t<\/div>\n\t\t\t\t<\/div>\n\t\t\t\t<div class=\"elementor-element elementor-element-e9de196 elementor-widget elementor-widget-text-editor\" data-id=\"e9de196\" data-element_type=\"widget\" data-e-type=\"widget\" data-widget_type=\"text-editor.default\">\n\t\t\t\t<div class=\"elementor-widget-container\">\n\t\t\t\t\t\t\t\t\t<h2><strong>COOKIES UTILIZADAS EN ESTE SITIO WEB<\/strong><\/h2><p>No se instalan cookies controladas por el editor.<\/p><h2><strong>COOKIES DE TERCEROS<\/strong><\/h2><p>Los servicios de terceros est\u00e1n fuera del control del editor. Los proveedores pueden modificar en cualquier momento sus condiciones de servicio, el prop\u00f3sito y uso de las cookies, etc.<\/p><p><strong>Proveedores externos de este sitio web:<\/strong><\/p><p>No se instalan cookies controladas por terceros.<\/p>\t\t\t\t\t\t\t\t<\/div>\n\t\t\t\t<\/div>\n\t\t\t\t<div class=\"elementor-element elementor-element-ffa4ec0 elementor-widget elementor-widget-text-editor\" data-id=\"ffa4ec0\" data-element_type=\"widget\" data-e-type=\"widget\" data-widget_type=\"text-editor.default\">\n\t\t\t\t<div class=\"elementor-widget-container\">\n\t\t\t\t\t\t\t\t\t<h2 class=\"wp-block-heading\"><strong>C\u00d3MO GESTIONAR LAS COOKIES DESDE EL NAVEGADOR<\/strong><\/h2><table><tbody><tr><td width=\"187\"><p><strong>Eliminar cookies del dispositivo<\/strong><\/p><\/td><td width=\"456\"><p>Las cookies ya presentes en un dispositivo pueden ser eliminadas borrando el historial del navegador, lo que elimina las cookies de todos los sitios web visitados.<\/p><p>Sin embargo, tambi\u00e9n se puede perder cierta informaci\u00f3n guardada (por ejemplo, datos de inicio de sesi\u00f3n o preferencias de sitios web).<\/p><\/td><\/tr><tr><td width=\"187\"><p><strong>Gestionar las cookies espec\u00edficas de un sitio.<\/strong><\/p><\/td><td width=\"456\"><p>Para tener un control m\u00e1s preciso sobre las cookies espec\u00edficas de un sitio, los usuarios pueden ajustar sus configuraciones de privacidad y cookies en el navegador.<\/p><\/td><\/tr><tr><td width=\"187\"><p><strong>Bloquear cookies<\/strong><\/p><\/td><td width=\"456\"><p>Aunque la mayor\u00eda de los navegadores modernos pueden configurarse para evitar que se instalen cookies en los dispositivos, esto puede requerir que ajustes manualmente ciertas preferencias cada vez que visites un sitio o p\u00e1gina. Adem\u00e1s, algunos servicios y funciones pueden no funcionar correctamente (por ejemplo, inicios de sesi\u00f3n en perfiles).<\/p><\/td><\/tr><\/tbody><\/table><h2 class=\"wp-block-heading\"><strong>C\u00d3MO ELIMINAR COOKIES DE LOS NAVEGADORES M\u00c1S COMUNES<\/strong><\/h2><p><strong>Chrome<\/strong><a href=\"http:\/\/support.google.com\/chrome\/answer\/95647?hl=es\"><strong>\u00a0\u00a0\u00a0\u00a0\u00a0\u00a0\u00a0\u00a0\u00a0\u00a0\u00a0\u00a0\u00a0\u00a0\u00a0\u00a0\u00a0\u00a0\u00a0\u00a0<\/strong>http:\/\/support.google.com\/chrome\/answer\/95647?hl=es<\/a><\/p><table><tbody><tr><td width=\"82\"><p>Edge<\/p><\/td><td width=\"561\"><p><a href=\"https:\/\/support.microsoft.com\/es-es\/microsoft-edge\/eliminar-las-cookies-en-microsoft-edge-63947406-40ac-c3b8-57b9-2a946a29ae09\"><span style=\"color: #333333;\">https:\/\/support.microsoft.com\/es-es\/microsoft-edge\/eliminar-las-cookies-en-microsoft-edge-63947406-40ac-c3b8-57b9-2a946a29ae09<\/span><\/a><\/p><\/td><\/tr><tr><td width=\"82\"><p>Explorer<\/p><\/td><td width=\"561\"><p><a href=\"https:\/\/support.microsoft.com\/es-es\/help\/278835\/how-to-delete-cookie-files-in-internet-explorer\"><span style=\"color: #333333;\">https:\/\/support.microsoft.com\/es-es\/help\/278835\/how-to-delete-cookie-files-in-internet-explorer<\/span><\/a><\/p><\/td><\/tr><tr><td width=\"82\"><p>Firefox<\/p><\/td><td width=\"561\"><p><a href=\"https:\/\/www.mozilla.org\/es-ES\/privacy\/websites\/%23cookies\"><span style=\"color: #333333;\">https:\/\/www.mozilla.org\/es-ES\/privacy\/websites\/#cookies<\/span><\/a><\/p><\/td><\/tr><tr><td width=\"82\"><p>Safari<\/p><\/td><td width=\"561\"><p><a href=\"https:\/\/support.apple.com\/es-es\/guide\/safari\/sfri11471\/mac\"><span style=\"color: #333333;\">https:\/\/support.apple.com\/es-es\/guide\/safari\/sfri11471\/mac<\/span><\/a><\/p><\/td><\/tr><tr><td width=\"82\"><p>Opera<\/p><\/td><td width=\"561\"><p><a href=\"https:\/\/help.opera.com\/en\/latest\/security-and-privacy\/%23clearBrowsingData\"><span style=\"color: #333333;\">https:\/\/help.opera.com\/en\/latest\/security-and-privacy\/#clearBrowsingData<\/span><\/a><\/p><\/td><\/tr><\/tbody><\/table>\t\t\t\t\t\t\t\t<\/div>\n\t\t\t\t<\/div>\n\t\t\t\t\t<\/div>\n\t\t<\/div>\n\t\t\t\t\t<\/div>\n\t\t<\/section>\n\t\t\t\t<\/div>","protected":false},"excerpt":{"rendered":"<p>Cookies policy In accordance with Law 34\/2002, of July 11, on information society services and electronic commerce (LSSI), in relation to Regulation (EU) 2016\/679 of the European Parliament and of the Council, of 27 April 2016, General Data Protection (GDPR) and Organic Law 3\/2018, of December 5, on Data Protection and Guarantee of Digital Rights [&hellip;]<\/p>\n","protected":false},"author":244792683,"featured_media":0,"parent":0,"menu_order":0,"comment_status":"closed","ping_status":"closed","template":"","meta":{"footnotes":""},"class_list":["post-1246","page","type-page","status-publish","hentry"],"yoast_head":"<!-- This site is optimized with the Yoast SEO plugin v27.1.1 - https:\/\/yoast.com\/product\/yoast-seo-wordpress\/ -->\n<title>Cookies - La Bombona Diving Koh lipe<\/title>\n<meta name=\"description\" content=\"Learn scuba diving lessons Koh Lipe with PADI instructors, rescue diving, and guided dives to discover the best diving spots in Thailand.\" \/>\n<meta name=\"robots\" content=\"index, follow, max-snippet:-1, max-image-preview:large, max-video-preview:-1\" \/>\n<link rel=\"canonical\" href=\"https:\/\/lbdivingkohlipe.com\/es\/cookies\/\" \/>\n<meta property=\"og:locale\" content=\"es_ES\" \/>\n<meta property=\"og:type\" content=\"article\" \/>\n<meta property=\"og:title\" content=\"Cookies - La Bombona Diving Koh lipe\" \/>\n<meta property=\"og:description\" content=\"Learn scuba diving lessons Koh Lipe with PADI instructors, rescue diving, and guided dives to discover the best diving spots in Thailand.\" \/>\n<meta property=\"og:url\" content=\"https:\/\/lbdivingkohlipe.com\/es\/cookies\/\" \/>\n<meta property=\"og:site_name\" content=\"La Bombona Diving Koh lipe\" \/>\n<meta property=\"article:publisher\" content=\"https:\/\/www.facebook.com\/lbdivingkohlipe\/\" \/>\n<meta property=\"article:modified_time\" content=\"2024-02-23T10:46:42+00:00\" \/>\n<meta name=\"twitter:card\" content=\"summary_large_image\" \/>\n<meta name=\"twitter:label1\" content=\"Tiempo de lectura\" \/>\n\t<meta name=\"twitter:data1\" content=\"5 minutos\" \/>\n<script type=\"application\/ld+json\" class=\"yoast-schema-graph\">{\"@context\":\"https:\/\/schema.org\",\"@graph\":[{\"@type\":\"WebPage\",\"@id\":\"https:\/\/lbdivingkohlipe.com\/cookies\/\",\"url\":\"https:\/\/lbdivingkohlipe.com\/cookies\/\",\"name\":\"Cookies - La Bombona Diving Koh lipe\",\"isPartOf\":{\"@id\":\"https:\/\/lbdivingkohLipe.com\/#website\"},\"datePublished\":\"2024-02-23T10:29:36+00:00\",\"dateModified\":\"2024-02-23T10:46:42+00:00\",\"description\":\"Learn scuba diving lessons Koh Lipe with PADI instructors, rescue diving, and guided dives to discover the best diving spots in Thailand.\",\"breadcrumb\":{\"@id\":\"https:\/\/lbdivingkohlipe.com\/cookies\/#breadcrumb\"},\"inLanguage\":\"es\",\"potentialAction\":[{\"@type\":\"ReadAction\",\"target\":[\"https:\/\/lbdivingkohlipe.com\/cookies\/\"]}]},{\"@type\":\"BreadcrumbList\",\"@id\":\"https:\/\/lbdivingkohlipe.com\/cookies\/#breadcrumb\",\"itemListElement\":[{\"@type\":\"ListItem\",\"position\":1,\"name\":\"Landing\",\"item\":\"https:\/\/lbdivingkohlipe.com\/\"},{\"@type\":\"ListItem\",\"position\":2,\"name\":\"Cookies\"}]},{\"@type\":\"WebSite\",\"@id\":\"https:\/\/lbdivingkohLipe.com\/#website\",\"url\":\"https:\/\/lbdivingkohLipe.com\/\",\"name\":\"La Bombona Diving Koh lipe\",\"description\":\"Koh lipe&#039;s Premier Dive Centre\",\"publisher\":{\"@id\":\"https:\/\/lbdivingkohLipe.com\/#organization\"},\"alternateName\":\"La Bombona Diving Koh lipe\",\"potentialAction\":[{\"@type\":\"SearchAction\",\"target\":{\"@type\":\"EntryPoint\",\"urlTemplate\":\"https:\/\/lbdivingkohLipe.com\/?s={search_term_string}\"},\"query-input\":{\"@type\":\"PropertyValueSpecification\",\"valueRequired\":true,\"valueName\":\"search_term_string\"}}],\"inLanguage\":\"es\"},{\"@type\":\"Organization\",\"@id\":\"https:\/\/lbdivingkohLipe.com\/#organization\",\"name\":\"La Bombona Diving Koh Lipe\",\"alternateName\":\"La Bombona Diving Koh Lipe\",\"url\":\"https:\/\/lbdivingkohLipe.com\/\",\"logo\":{\"@type\":\"ImageObject\",\"inLanguage\":\"es\",\"@id\":\"https:\/\/lbdivingkohLipe.com\/#\/schema\/logo\/image\/\",\"url\":\"https:\/\/lbdivingkohlipe.com\/wp-content\/uploads\/2024\/04\/WhatsApp-Image-2024-04-16-at-20.34.05.jpeg\",\"contentUrl\":\"https:\/\/lbdivingkohlipe.com\/wp-content\/uploads\/2024\/04\/WhatsApp-Image-2024-04-16-at-20.34.05.jpeg\",\"width\":500,\"height\":500,\"caption\":\"La Bombona Diving Koh Lipe\"},\"image\":{\"@id\":\"https:\/\/lbdivingkohLipe.com\/#\/schema\/logo\/image\/\"},\"sameAs\":[\"https:\/\/www.facebook.com\/lbdivingkohlipe\/\",\"https:\/\/www.instagram.com\/lbdivingkohlipe\/\",\"https:\/\/www.youtube.com\/@kohlipediveschool\"]}]}<\/script>\n<!-- \/ Yoast SEO plugin. -->","yoast_head_json":{"title":"Cookies - La Bombona Diving Koh lipe","description":"Learn scuba diving lessons Koh Lipe with PADI instructors, rescue diving, and guided dives to discover the best diving spots in Thailand.","robots":{"index":"index","follow":"follow","max-snippet":"max-snippet:-1","max-image-preview":"max-image-preview:large","max-video-preview":"max-video-preview:-1"},"canonical":"https:\/\/lbdivingkohlipe.com\/es\/cookies\/","og_locale":"es_ES","og_type":"article","og_title":"Cookies - La Bombona Diving Koh lipe","og_description":"Learn scuba diving lessons Koh Lipe with PADI instructors, rescue diving, and guided dives to discover the best diving spots in Thailand.","og_url":"https:\/\/lbdivingkohlipe.com\/es\/cookies\/","og_site_name":"La Bombona Diving Koh lipe","article_publisher":"https:\/\/www.facebook.com\/lbdivingkohlipe\/","article_modified_time":"2024-02-23T10:46:42+00:00","twitter_card":"summary_large_image","twitter_misc":{"Tiempo de lectura":"5 minutos"},"schema":{"@context":"https:\/\/schema.org","@graph":[{"@type":"WebPage","@id":"https:\/\/lbdivingkohlipe.com\/cookies\/","url":"https:\/\/lbdivingkohlipe.com\/cookies\/","name":"Cookies - La Bombona Diving Koh lipe","isPartOf":{"@id":"https:\/\/lbdivingkohLipe.com\/#website"},"datePublished":"2024-02-23T10:29:36+00:00","dateModified":"2024-02-23T10:46:42+00:00","description":"Learn scuba diving lessons Koh Lipe with PADI instructors, rescue diving, and guided dives to discover the best diving spots in Thailand.","breadcrumb":{"@id":"https:\/\/lbdivingkohlipe.com\/cookies\/#breadcrumb"},"inLanguage":"es","potentialAction":[{"@type":"ReadAction","target":["https:\/\/lbdivingkohlipe.com\/cookies\/"]}]},{"@type":"BreadcrumbList","@id":"https:\/\/lbdivingkohlipe.com\/cookies\/#breadcrumb","itemListElement":[{"@type":"ListItem","position":1,"name":"Landing","item":"https:\/\/lbdivingkohlipe.com\/"},{"@type":"ListItem","position":2,"name":"Cookies"}]},{"@type":"WebSite","@id":"https:\/\/lbdivingkohLipe.com\/#website","url":"https:\/\/lbdivingkohLipe.com\/","name":"La Bombona Diving Koh lipe","description":"Koh lipe&#039;s Premier Dive Centre","publisher":{"@id":"https:\/\/lbdivingkohLipe.com\/#organization"},"alternateName":"La Bombona Diving Koh lipe","potentialAction":[{"@type":"SearchAction","target":{"@type":"EntryPoint","urlTemplate":"https:\/\/lbdivingkohLipe.com\/?s={search_term_string}"},"query-input":{"@type":"PropertyValueSpecification","valueRequired":true,"valueName":"search_term_string"}}],"inLanguage":"es"},{"@type":"Organization","@id":"https:\/\/lbdivingkohLipe.com\/#organization","name":"La Bombona Buceo Koh Lipe","alternateName":"La Bombona Diving Koh Lipe","url":"https:\/\/lbdivingkohLipe.com\/","logo":{"@type":"ImageObject","inLanguage":"es","@id":"https:\/\/lbdivingkohLipe.com\/#\/schema\/logo\/image\/","url":"https:\/\/lbdivingkohlipe.com\/wp-content\/uploads\/2024\/04\/WhatsApp-Image-2024-04-16-at-20.34.05.jpeg","contentUrl":"https:\/\/lbdivingkohlipe.com\/wp-content\/uploads\/2024\/04\/WhatsApp-Image-2024-04-16-at-20.34.05.jpeg","width":500,"height":500,"caption":"La Bombona Diving Koh Lipe"},"image":{"@id":"https:\/\/lbdivingkohLipe.com\/#\/schema\/logo\/image\/"},"sameAs":["https:\/\/www.facebook.com\/lbdivingkohlipe\/","https:\/\/www.instagram.com\/lbdivingkohlipe\/","https:\/\/www.youtube.com\/@kohlipediveschool"]}]}},"_links":{"self":[{"href":"https:\/\/lbdivingkohlipe.com\/es\/wp-json\/wp\/v2\/pages\/1246","targetHints":{"allow":["GET"]}}],"collection":[{"href":"https:\/\/lbdivingkohlipe.com\/es\/wp-json\/wp\/v2\/pages"}],"about":[{"href":"https:\/\/lbdivingkohlipe.com\/es\/wp-json\/wp\/v2\/types\/page"}],"author":[{"embeddable":true,"href":"https:\/\/lbdivingkohlipe.com\/es\/wp-json\/wp\/v2\/users\/244792683"}],"replies":[{"embeddable":true,"href":"https:\/\/lbdivingkohlipe.com\/es\/wp-json\/wp\/v2\/comments?post=1246"}],"version-history":[{"count":0,"href":"https:\/\/lbdivingkohlipe.com\/es\/wp-json\/wp\/v2\/pages\/1246\/revisions"}],"wp:attachment":[{"href":"https:\/\/lbdivingkohlipe.com\/es\/wp-json\/wp\/v2\/media?parent=1246"}],"curies":[{"name":"wp","href":"https:\/\/api.w.org\/{rel}","templated":true}]}}